{"id":454,"date":"2019-05-30T17:19:56","date_gmt":"2019-05-30T17:19:56","guid":{"rendered":"http:\/\/themebubble.com\/demo\/webify\/portfolio-one\/?page_id=454"},"modified":"2024-02-15T17:40:54","modified_gmt":"2024-02-15T16:40:54","slug":"about","status":"publish","type":"page","link":"http:\/\/design-groten.de\/index.php\/about\/","title":{"rendered":"\u00dcber mich"},"content":{"rendered":"\t\t<div data-elementor-type=\"wp-post\" data-elementor-id=\"454\" class=\"elementor elementor-454\">\n\t\t\t\t\t\t<section class=\"elementor-section elementor-top-section elementor-element elementor-element-ce55d0f elementor-section-boxed elementor-section-height-default elementor-section-height-default\" data-id=\"ce55d0f\" data-element_type=\"section\">\n\t\t\t\t\t\t<div class=\"elementor-container elementor-column-gap-extended\">\n\t\t\t\t\t<div class=\"elementor-column elementor-col-100 elementor-top-column elementor-element elementor-element-8fc3002\" data-id=\"8fc3002\" data-element_type=\"column\">\n\t\t\t<div class=\"elementor-widget-wrap elementor-element-populated\">\n\t\t\t\t\t\t<div class=\"elementor-element elementor-element-3d87065 elementor-widget elementor-widget-image\" data-id=\"3d87065\" data-element_type=\"widget\" data-widget_type=\"image.default\">\n\t\t\t\t<div class=\"elementor-widget-container\">\n\t\t\t<style>\/*! elementor - v3.19.0 - 07-02-2024 *\/\n.elementor-widget-image{text-align:center}.elementor-widget-image a{display:inline-block}.elementor-widget-image a img[src$=\".svg\"]{width:48px}.elementor-widget-image img{vertical-align:middle;display:inline-block}<\/style>\t\t\t\t\t\t\t\t\t\t<img fetchpriority=\"high\" decoding=\"async\" width=\"768\" height=\"678\" src=\"http:\/\/design-groten.de\/wp-content\/uploads\/2024\/01\/Traubenbirne-1-768x678.jpg\" class=\"attachment-medium_large size-medium_large wp-image-1139\" alt=\"\" srcset=\"http:\/\/design-groten.de\/wp-content\/uploads\/2024\/01\/Traubenbirne-1-768x678.jpg 768w, http:\/\/design-groten.de\/wp-content\/uploads\/2024\/01\/Traubenbirne-1-300x265.jpg 300w, http:\/\/design-groten.de\/wp-content\/uploads\/2024\/01\/Traubenbirne-1-1024x904.jpg 1024w, http:\/\/design-groten.de\/wp-content\/uploads\/2024\/01\/Traubenbirne-1.jpg 1125w\" sizes=\"(max-width: 768px) 100vw, 768px\" \/>\t\t\t\t\t\t\t\t\t\t\t\t\t<\/div>\n\t\t\t\t<\/div>\n\t\t\t\t\t<\/div>\n\t\t<\/div>\n\t\t\t\t\t<\/div>\n\t\t<\/section>\n\t\t<div class=\"elementor-element elementor-element-f4c7383 e-con-full e-flex e-con e-parent\" data-id=\"f4c7383\" data-element_type=\"container\" data-settings=\"{&quot;content_width&quot;:&quot;full&quot;}\" data-core-v316-plus=\"true\">\n\t\t\t\t<div class=\"elementor-element elementor-element-0151655 elementor-widget elementor-widget-heading\" data-id=\"0151655\" data-element_type=\"widget\" data-widget_type=\"heading.default\">\n\t\t\t\t<div class=\"elementor-widget-container\">\n\t\t\t<style>\/*! elementor - v3.19.0 - 07-02-2024 *\/\n.elementor-heading-title{padding:0;margin:0;line-height:1}.elementor-widget-heading .elementor-heading-title[class*=elementor-size-]>a{color:inherit;font-size:inherit;line-height:inherit}.elementor-widget-heading .elementor-heading-title.elementor-size-small{font-size:15px}.elementor-widget-heading .elementor-heading-title.elementor-size-medium{font-size:19px}.elementor-widget-heading .elementor-heading-title.elementor-size-large{font-size:29px}.elementor-widget-heading .elementor-heading-title.elementor-size-xl{font-size:39px}.elementor-widget-heading .elementor-heading-title.elementor-size-xxl{font-size:59px}<\/style><h2 class=\"elementor-heading-title elementor-size-large\">Individualit\u00e4t bestimmt stark unser Leben \u2013 so wie auch gute Werbung<\/h2>\t\t<\/div>\n\t\t\t\t<\/div>\n\t\t\t\t<\/div>\n\t\t<div class=\"elementor-element elementor-element-770b613 e-con-full e-flex e-con e-parent\" data-id=\"770b613\" data-element_type=\"container\" data-settings=\"{&quot;content_width&quot;:&quot;full&quot;}\" data-core-v316-plus=\"true\">\n\t\t\t\t<div class=\"elementor-element elementor-element-84be6bc elementor-widget elementor-widget-text-editor\" data-id=\"84be6bc\" data-element_type=\"widget\" data-widget_type=\"text-editor.default\">\n\t\t\t\t<div class=\"elementor-widget-container\">\n\t\t\t<style>\/*! elementor - v3.19.0 - 07-02-2024 *\/\n.elementor-widget-text-editor.elementor-drop-cap-view-stacked .elementor-drop-cap{background-color:#69727d;color:#fff}.elementor-widget-text-editor.elementor-drop-cap-view-framed .elementor-drop-cap{color:#69727d;border:3px solid;background-color:transparent}.elementor-widget-text-editor:not(.elementor-drop-cap-view-default) .elementor-drop-cap{margin-top:8px}.elementor-widget-text-editor:not(.elementor-drop-cap-view-default) .elementor-drop-cap-letter{width:1em;height:1em}.elementor-widget-text-editor .elementor-drop-cap{float:left;text-align:center;line-height:1;font-size:50px}.elementor-widget-text-editor .elementor-drop-cap-letter{display:inline-block}<\/style>\t\t\t\t<h2>Sylvia Groten<\/h2>\t\t\t\t\t\t<\/div>\n\t\t\t\t<\/div>\n\t\t\t\t<\/div>\n\t\t<div class=\"elementor-element elementor-element-1aa0481 e-flex e-con-boxed e-con e-parent\" data-id=\"1aa0481\" data-element_type=\"container\" data-settings=\"{&quot;content_width&quot;:&quot;boxed&quot;}\" data-core-v316-plus=\"true\">\n\t\t\t\t\t<div class=\"e-con-inner\">\n\t\t\t\t<div class=\"elementor-element elementor-element-4413be4 elementor-widget elementor-widget-text-editor\" data-id=\"4413be4\" data-element_type=\"widget\" data-widget_type=\"text-editor.default\">\n\t\t\t\t<div class=\"elementor-widget-container\">\n\t\t\t\t\t\t\t<p>Ich arbeite nicht allein \u2013 aber haupts\u00e4chlich immer. Wir sind ein Kreis von Textern, Fotografen und Illustratoren, die sich projektspezifisch zu exklusiven Teams formieren. Durch die verschiedenen Spezialisierungen und das unterschiedliche Alter der beteiligten Gestalter, sind wir in der Lage, unseren Kunden ein umfassendes Spektrum an Wissen und Erfahrung zu bieten. Zugleich schaffen wir ein Arbeitsumfeld, das gen\u00fcgend Raum l\u00e4sst f\u00fcr Qualit\u00e4t, Kreativit\u00e4t und effiziente Preisbildung.<\/p>\t\t\t\t\t\t<\/div>\n\t\t\t\t<\/div>\n\t\t\t\t\t<\/div>\n\t\t\t\t<\/div>\n\t\t\t\t<\/div>\n\t\t","protected":false},"excerpt":{"rendered":"<p>Individualit\u00e4t bestimmt stark unser Leben \u2013 so wie auch gute Werbung Sylvia Groten Ich arbeite nicht allein \u2013 aber haupts\u00e4chlich immer. Wir sind ein Kreis von Textern, Fotografen und Illustratoren, die sich projektspezifisch zu exklusiven Teams formieren. Durch die verschiedenen Spezialisierungen und das unterschiedliche Alter der beteiligten Gestalter, sind wir in der Lage, unseren Kunden [&hellip;]<\/p>\n","protected":false},"author":1,"featured_media":0,"parent":0,"menu_order":0,"comment_status":"closed","ping_status":"closed","template":"","meta":{"footnotes":""},"class_list":["post-454","page","type-page","status-publish","hentry"],"_links":{"self":[{"href":"http:\/\/design-groten.de\/index.php\/wp-json\/wp\/v2\/pages\/454","targetHints":{"allow":["GET"]}}],"collection":[{"href":"http:\/\/design-groten.de\/index.php\/wp-json\/wp\/v2\/pages"}],"about":[{"href":"http:\/\/design-groten.de\/index.php\/wp-json\/wp\/v2\/types\/page"}],"author":[{"embeddable":true,"href":"http:\/\/design-groten.de\/index.php\/wp-json\/wp\/v2\/users\/1"}],"replies":[{"embeddable":true,"href":"http:\/\/design-groten.de\/index.php\/wp-json\/wp\/v2\/comments?post=454"}],"version-history":[{"count":136,"href":"http:\/\/design-groten.de\/index.php\/wp-json\/wp\/v2\/pages\/454\/revisions"}],"predecessor-version":[{"id":1702,"href":"http:\/\/design-groten.de\/index.php\/wp-json\/wp\/v2\/pages\/454\/revisions\/1702"}],"wp:attachment":[{"href":"http:\/\/design-groten.de\/index.php\/wp-json\/wp\/v2\/media?parent=454"}],"curies":[{"name":"wp","href":"https:\/\/api.w.org\/{rel}","templated":true}]}}